{"id":230,"date":"2020-11-30T16:11:53","date_gmt":"2020-11-30T15:11:53","guid":{"rendered":"http:\/\/www.gomaintenance.be\/?page_id=230"},"modified":"2020-12-01T11:17:39","modified_gmt":"2020-12-01T10:17:39","slug":"elementor-230","status":"publish","type":"page","link":"http:\/\/www.gomaintenance.be\/","title":{"rendered":"Elementor #230"},"content":{"rendered":"\t\t<div data-elementor-type=\"wp-page\" data-elementor-id=\"230\" class=\"elementor elementor-230\" data-elementor-settings=\"[]\">\n\t\t\t\t\t\t<div class=\"elementor-inner\">\n\t\t\t\t\t\t\t<div class=\"elementor-section-wrap\">\n\t\t\t\t\t\t\t<section class=\"elementor-section elementor-top-section elementor-element elementor-element-18212c59 elementor-section-content-middle elementor-section-boxed elementor-section-height-default elementor-section-height-default\" data-id=\"18212c59\" data-element_type=\"section\">\n\t\t\t\t\t\t<div class=\"elementor-container elementor-column-gap-default\">\n\t\t\t\t\t\t\t<div class=\"elementor-row\">\n\t\t\t\t\t<div class=\"elementor-column elementor-col-50 elementor-top-column elementor-element elementor-element-254e2555\" data-id=\"254e2555\" data-element_type=\"column\">\n\t\t\t<div class=\"elementor-column-wrap elementor-element-populated\">\n\t\t\t\t\t\t\t<div class=\"elementor-widget-wrap\">\n\t\t\t\t\t\t<div class=\"elementor-element elementor-element-53e99b33 elementor-widget elementor-widget-heading\" data-id=\"53e99b33\" data-element_type=\"widget\" data-widget_type=\"heading.default\">\n\t\t\t\t<div class=\"elementor-widget-container\">\n\t\t\t<h2 class=\"elementor-heading-title elementor-size-default\">Bienvenue<\/h2>\t\t<\/div>\n\t\t\t\t<\/div>\n\t\t\t\t<div class=\"elementor-element elementor-element-799e9f8c elementor-widget elementor-widget-text-editor\" data-id=\"799e9f8c\" data-element_type=\"widget\" data-widget_type=\"text-editor.default\">\n\t\t\t\t<div class=\"elementor-widget-container\">\n\t\t\t\t\t<div class=\"elementor-text-editor elementor-clearfix\"><p>\u00a0<\/p><p>J\u2019ai le plaisir de vous pr\u00e9senter mon entreprise Go Maintenance sp\u00e9cialis\u00e9e dans la maintenance des toitures et la sauvegarde du patrimoine (ch\u00e2teaux, clochers, \u00e9glises, tours, \u2026)<\/p><p>\u00a0<\/p><p>Fort de mon exp\u00e9rience apr\u00e8s + de 10 ans de travail au sein de l\u2019entreprise Golinvaux \u00e0 Bertrix, je propose un service vari\u00e9 pour tous types de couvertures\u00a0:<\/p><p>-Restauration\/r\u00e9paration de charpentes<\/p><p>-Restauration\/r\u00e9paration de toitures<\/p><p>-Zingueries<\/p><p>-Pose de filets anti-pigeons<\/p><p>-Dorures<\/p><p>-Restauration de croix clocher<\/p><p>-Entretien de goutti\u00e8res<\/p><p>-B\u00e2chage en urgence suite \u00e0 un incendie<\/p><p>\u00a0<\/p><div>\u00a0<\/div><div>\u00a0<\/div><\/div>\n\t\t\t\t<\/div>\n\t\t\t\t<\/div>\n\t\t\t\t\t\t<\/div>\n\t\t\t\t\t<\/div>\n\t\t<\/div>\n\t\t\t\t<div class=\"elementor-column elementor-col-50 elementor-top-column elementor-element elementor-element-47172719\" data-id=\"47172719\" data-element_type=\"column\">\n\t\t\t<div class=\"elementor-column-wrap elementor-element-populated\">\n\t\t\t\t\t\t\t<div class=\"elementor-widget-wrap\">\n\t\t\t\t\t\t<div class=\"elementor-element elementor-element-57c01c4d elementor-widget elementor-widget-image\" data-id=\"57c01c4d\" data-element_type=\"widget\" data-widget_type=\"image.default\">\n\t\t\t\t<div class=\"elementor-widget-container\">\n\t\t\t\t\t<div class=\"elementor-image\">\n\t\t\t\t\t\t\t\t\t\t<img width=\"676\" height=\"901\" src=\"http:\/\/www.gomaintenance.be\/wp-content\/uploads\/2020\/11\/IMG_5447-1-768x1024.jpg\" class=\"attachment-large size-large\" alt=\"\" loading=\"lazy\" srcset=\"http:\/\/www.gomaintenance.be\/wp-content\/uploads\/2020\/11\/IMG_5447-1-768x1024.jpg 768w, http:\/\/www.gomaintenance.be\/wp-content\/uploads\/2020\/11\/IMG_5447-1-225x300.jpg 225w, http:\/\/www.gomaintenance.be\/wp-content\/uploads\/2020\/11\/IMG_5447-1-1152x1536.jpg 1152w, http:\/\/www.gomaintenance.be\/wp-content\/uploads\/2020\/11\/IMG_5447-1-1080x1440.jpg 1080w, http:\/\/www.gomaintenance.be\/wp-content\/uploads\/2020\/11\/IMG_5447-1-1280x1707.jpg 1280w, http:\/\/www.gomaintenance.be\/wp-content\/uploads\/2020\/11\/IMG_5447-1-980x1307.jpg 980w, http:\/\/www.gomaintenance.be\/wp-content\/uploads\/2020\/11\/IMG_5447-1-480x640.jpg 480w, http:\/\/www.gomaintenance.be\/wp-content\/uploads\/2020\/11\/IMG_5447-1.jpg 1500w\" sizes=\"(max-width: 676px) 100vw, 676px\" \/>\t\t\t\t\t\t\t\t\t\t\t<\/div>\n\t\t\t\t<\/div>\n\t\t\t\t<\/div>\n\t\t\t\t\t\t<\/div>\n\t\t\t\t\t<\/div>\n\t\t<\/div>\n\t\t\t\t\t\t\t\t<\/div>\n\t\t\t\t\t<\/div>\n\t\t<\/section>\n\t\t\t\t\t\t<\/div>\n\t\t\t\t\t\t<\/div>\n\t\t\t\t\t<\/div>\n\t\t","protected":false},"excerpt":{"rendered":"<p>Bienvenue J\u2019ai le plaisir de vous pr\u00e9senter mon entreprise Go Maintenance sp\u00e9cialis\u00e9e dans la maintenance des toitures et la sauvegarde du patrimoine (ch\u00e2teaux, clochers, \u00e9glises, tours, \u2026) Fort de mon exp\u00e9rience apr\u00e8s + de 10 ans de travail au sein de l\u2019entreprise Golinvaux \u00e0 Bertrix, je propose un service vari\u00e9 pour tous types de couvertures&nbsp;: [&hellip;]<\/p>\n","protected":false},"author":1,"featured_media":0,"parent":0,"menu_order":0,"comment_status":"closed","ping_status":"closed","template":"elementor_header_footer","meta":[],"yoast_head":"<!-- This site is optimized with the Yoast SEO plugin v15.3 - https:\/\/yoast.com\/wordpress\/plugins\/seo\/ -->\n<title>GO Maintenance SRL - Maintenance toiture et sauvegarde de patrimoine<\/title>\n<meta name=\"robots\" content=\"index, follow, max-snippet:-1, max-image-preview:large, max-video-preview:-1\" \/>\n<link rel=\"canonical\" href=\"http:\/\/www.gomaintenance.be\/\" \/>\n<meta property=\"og:locale\" content=\"fr_FR\" \/>\n<meta property=\"og:type\" content=\"article\" \/>\n<meta property=\"og:title\" content=\"GO Maintenance SRL - Maintenance toiture et sauvegarde de patrimoine\" \/>\n<meta property=\"og:description\" content=\"Bienvenue J\u2019ai le plaisir de vous pr\u00e9senter mon entreprise Go Maintenance sp\u00e9cialis\u00e9e dans la maintenance des toitures et la sauvegarde du patrimoine (ch\u00e2teaux, clochers, \u00e9glises, tours, \u2026) Fort de mon exp\u00e9rience apr\u00e8s + de 10 ans de travail au sein de l\u2019entreprise Golinvaux \u00e0 Bertrix, je propose un service vari\u00e9 pour tous types de couvertures&nbsp;: [&hellip;]\" \/>\n<meta property=\"og:url\" content=\"http:\/\/www.gomaintenance.be\/\" \/>\n<meta property=\"og:site_name\" content=\"Go Maintenance SRL\" \/>\n<meta property=\"article:publisher\" content=\"https:\/\/www.facebook.com\/Go-Maintenance-SRL-100293008486303\" \/>\n<meta property=\"article:modified_time\" content=\"2020-12-01T10:17:39+00:00\" \/>\n<meta property=\"og:image\" content=\"http:\/\/www.gomaintenance.be\/wp-content\/uploads\/2020\/11\/IMG_5447-1-768x1024.jpg\" \/>\n<meta name=\"twitter:card\" content=\"summary_large_image\" \/>\n<meta name=\"twitter:label1\" content=\"\u00c9crit par\">\n\t<meta name=\"twitter:data1\" content=\"admin1440\">\n\t<meta name=\"twitter:label2\" content=\"Dur\u00e9e de lecture est.\">\n\t<meta name=\"twitter:data2\" content=\"0 minute\">\n<script type=\"application\/ld+json\" class=\"yoast-schema-graph\">{\"@context\":\"https:\/\/schema.org\",\"@graph\":[{\"@type\":\"Organization\",\"@id\":\"http:\/\/www.gomaintenance.be\/#organization\",\"name\":\"Go Maintenance\",\"url\":\"http:\/\/www.gomaintenance.be\/\",\"sameAs\":[\"https:\/\/www.facebook.com\/Go-Maintenance-SRL-100293008486303\",\"https:\/\/www.youtube.com\/channel\/UCZqtUEtMzLxreRX1Wyq14Lw\"],\"logo\":{\"@type\":\"ImageObject\",\"@id\":\"http:\/\/www.gomaintenance.be\/#logo\",\"inLanguage\":\"fr-FR\",\"url\":\"http:\/\/www.gomaintenance.be\/wp-content\/uploads\/2020\/11\/Gom-Sur-Fond-noir-1.png\",\"width\":1065,\"height\":854,\"caption\":\"Go Maintenance\"},\"image\":{\"@id\":\"http:\/\/www.gomaintenance.be\/#logo\"}},{\"@type\":\"WebSite\",\"@id\":\"http:\/\/www.gomaintenance.be\/#website\",\"url\":\"http:\/\/www.gomaintenance.be\/\",\"name\":\"gomaintenance\",\"description\":\"Maintenance de votre toiture et sauvegarde de votre patrimoine\",\"publisher\":{\"@id\":\"http:\/\/www.gomaintenance.be\/#organization\"},\"potentialAction\":[{\"@type\":\"SearchAction\",\"target\":\"http:\/\/www.gomaintenance.be\/?s={search_term_string}\",\"query-input\":\"required name=search_term_string\"}],\"inLanguage\":\"fr-FR\"},{\"@type\":\"ImageObject\",\"@id\":\"http:\/\/www.gomaintenance.be\/#primaryimage\",\"inLanguage\":\"fr-FR\",\"url\":\"http:\/\/www.gomaintenance.be\/wp-content\/uploads\/2020\/11\/IMG_5447-1.jpg\",\"width\":1500,\"height\":2000},{\"@type\":\"WebPage\",\"@id\":\"http:\/\/www.gomaintenance.be\/#webpage\",\"url\":\"http:\/\/www.gomaintenance.be\/\",\"name\":\"GO Maintenance SRL - Maintenance toiture et sauvegarde de patrimoine\",\"isPartOf\":{\"@id\":\"http:\/\/www.gomaintenance.be\/#website\"},\"primaryImageOfPage\":{\"@id\":\"http:\/\/www.gomaintenance.be\/#primaryimage\"},\"datePublished\":\"2020-11-30T15:11:53+00:00\",\"dateModified\":\"2020-12-01T10:17:39+00:00\",\"inLanguage\":\"fr-FR\",\"potentialAction\":[{\"@type\":\"ReadAction\",\"target\":[\"http:\/\/www.gomaintenance.be\/\"]}]}]}<\/script>\n<!-- \/ Yoast SEO plugin. -->","_links":{"self":[{"href":"http:\/\/www.gomaintenance.be\/index.php?rest_route=\/wp\/v2\/pages\/230"}],"collection":[{"href":"http:\/\/www.gomaintenance.be\/index.php?rest_route=\/wp\/v2\/pages"}],"about":[{"href":"http:\/\/www.gomaintenance.be\/index.php?rest_route=\/wp\/v2\/types\/page"}],"author":[{"embeddable":true,"href":"http:\/\/www.gomaintenance.be\/index.php?rest_route=\/wp\/v2\/users\/1"}],"replies":[{"embeddable":true,"href":"http:\/\/www.gomaintenance.be\/index.php?rest_route=%2Fwp%2Fv2%2Fcomments&post=230"}],"version-history":[{"count":30,"href":"http:\/\/www.gomaintenance.be\/index.php?rest_route=\/wp\/v2\/pages\/230\/revisions"}],"predecessor-version":[{"id":376,"href":"http:\/\/www.gomaintenance.be\/index.php?rest_route=\/wp\/v2\/pages\/230\/revisions\/376"}],"wp:attachment":[{"href":"http:\/\/www.gomaintenance.be\/index.php?rest_route=%2Fwp%2Fv2%2Fmedia&parent=230"}],"curies":[{"name":"wp","href":"https:\/\/api.w.org\/{rel}","templated":true}]}}